{"id":1783,"date":"2024-02-08T12:21:04","date_gmt":"2024-02-08T11:21:04","guid":{"rendered":"https:\/\/b-labbconsulting.com\/privacy-policy\/"},"modified":"2024-03-25T15:42:30","modified_gmt":"2024-03-25T14:42:30","slug":"privacy-policy","status":"publish","type":"page","link":"https:\/\/b-labbconsulting.com\/it\/privacy-policy\/","title":{"rendered":"Privacy Policy"},"content":{"rendered":"\n<h1 class=\"wp-block-heading\">Privacy Policy<\/h1>\n\n\n\n<h4 class=\"wp-block-heading\">Informativa Privacy<br>art. 13 del Regolamento UE 679\/2016<\/h4>\n\n\n\n<p><em>Aggiornamento Febbraio 2024<\/em><\/p>\n\n\n\n<p><strong>Premessa<\/strong><\/p>\n\n\n\n<p>Ai sensi del Regolamento Europeo n. 679\/2016 (di seguito \u201cRegolamento\u201d) e della normativa nazionale in materia di protezione dei dati personali (di seguito complessivamente \u201cNormativa Privacy\u201d), la Societ\u00e0 S.T.A.Data Srl. La invita a leggere con attenzione la presente Informativa Privacy che contiene informazioni importanti sul trattamento dei Suoi Dati Personali.<\/p>\n\n\n\n<p>Il trattamento dei\u202fSuoi\u202fDati\u202fPersonali sar\u00e0 improntato ai principi di correttezza, liceit\u00e0, trasparenza, limitazione delle finalit\u00e0 e della conservazione, minimizzazione ed esattezza, integrit\u00e0 e riservatezza, in accordo con le disposizioni del Regolamento.<\/p>\n\n\n\n<p>****&nbsp;<\/p>\n\n\n\n<p><strong>1. TITOLARE DEL TRATTAMENTO&nbsp;<\/strong><\/p>\n\n\n\n<p>Titolare del trattamento dei Dati Personali \u00e8 la S.T.A.Data Srl. (di seguito \u201cTitolare\u201d) con sede legale in Torino, Via Saluzzo 71, 10126, Torino (TO), nella persona del legale rappresentante pro tempore.<\/p>\n\n\n\n<p><strong>2. RESPONSABILE DELLA PROTEZIONE DEI DATI \u2013 DPO<\/strong><\/p>\n\n\n\n<p>In ottemperanza alle previsioni del Regolamento, il Titolare del Trattamento ha provveduto ad individuare e nominare il Responsabile della Protezione dei Dati (DPO), con il compito di vigilare sull\u2019osservanza del Regolamento e di fungere da punto di contatto con i soggetti interessati dal trattamento nonch\u00e9 con il Garante per la protezione dei dati personali. Il DPO \u00e8 contattabile all\u2019indirizzo e-mail <a href=\"mailto:info@stadata.com\">info@stadata.com<\/a>.<\/p>\n\n\n\n<p><strong>3. DATI PERSONALI TRATTATI&nbsp;<\/strong><\/p>\n\n\n\n<ul class=\"wp-block-list\">\n<li>Dati anagrafici&nbsp;(nome, cognome) contatto (e-mail, indirizzo, numero di telefono)&nbsp;&nbsp;<\/li>\n<\/ul>\n\n\n\n<p><strong>4. FINALIT\u00c0 E BASE GIURIDICA DEL TRATTAMENTO&nbsp;<\/strong><\/p>\n\n\n\n<p>I Dati Personali da lei forniti saranno trattati esclusivamente per finalit\u00e0:<\/p>\n\n\n\n<ul class=\"wp-block-list\">\n<li>Comunicazionali: per inviarLe comunicazioni relative alle nostre iniziative quali nuovi servizi, in quanto Cliente. Laddove non gradisse ricevere tali tipologie di comunicazioni potr\u00e0 indicarlo scrivendoci una mail. La base giuridica di tale trattamento \u00e8 l\u2019interesse legittimo del Titolare.<\/li>\n<\/ul>\n\n\n\n<p><strong>5. NATURA DEL CONFERIMENTO<\/strong><\/p>\n\n\n\n<p>Il conferimento dei Suoi Dati Personali ha natura facoltativa. Tuttavia, il conferimento di alcuni dati \u00e8 necessario per usufruire di alcuni servizi. La natura obbligatoria o facoltativa del conferimento sar\u00e0 di volta in volta segnalata mediante l\u2019uso di simboli (ad es. \u201c*\u201d) posti al fianco dell\u2019informazione il cui conferimento \u00e8 obbligatorio per perseguire la rispettiva finalit\u00e0.<\/p>\n\n\n\n<p><strong>6. MODALITA\u2019 DEL TRATTAMENTO<\/strong><\/p>\n\n\n\n<p>I Suoi Dati Personali saranno trattati in conformit\u00e0 alle prescrizioni della vigente Normativa Privacy, sia con l\u2019ausilio di mezzi elettronici ed automatizzati sia con modalit\u00e0 manuali, con modalit\u00e0 atte a garantirne la massima sicurezza e riservatezza e solo ad opera di persone istruite ed autorizzate al loro trattamento.<\/p>\n\n\n\n<p><strong>7. SOGGETTI DESTINATARI DEI DATI&nbsp;<\/strong><\/p>\n\n\n\n<p>I Suoi Dati Personali potranno essere resi accessibili, per le finalit\u00e0 di cui sopra, a dipendenti e collaboratori di S.T.A.Data Srl e da societ\u00e0 terze che svolgono attivit\u00e0 di trattamento dei dati personali per conto del Titolare, in qualit\u00e0 di Responsabili del trattamento. Il Titolare ha stilato un elenco dei Responsabili del Trattamento, costantemente aggiornato, che mette a Sua disposizione contattandolo agli indirizzi riportati al punto 9 della presente Informativa.<\/p>\n\n\n\n<p><strong>8. PERIODO DI CONSERVAZIONE DEI DATI&nbsp;<\/strong><\/p>\n\n\n\n<p>Al fine di assicurare il rispetto dei principi di necessit\u00e0 e proporzionalit\u00e0 del trattamento i Dati Personali relativi alle prenotazioni ed i dati di fatturazione saranno conservati per un periodo di tempo atto a garantire la corretta gestione della prenotazione e l\u2019esecuzione dell\u2019ordine e comunque per ulteriori 10 anni ai fini dell\u2019assolvimento dei connessi obblighi amministrativi e fiscali. I dati relativi alle intolleranze alimentari saranno conservati per il periodo di una settimana dalla data dell\u2019erogazione del servizio, ad eccezione di esigenze particolari.<\/p>\n\n\n\n<p><strong>9. DIRITTI DEGLI INTERESSATI E MODALITA\u2019 DI ESERCIZIO. &nbsp;<\/strong><\/p>\n\n\n\n<p>I soggetti interessati dal trattamento dei loro Dati Personali hanno il diritto di esercitare i diritti di cui agli articoli 15-22 del Regolamento europeo Generale per la Protezione dei Dati (Gdpr). Per l\u2019esercizio dei Suoi diritti o per informazioni relative al trattamento dei Suoi dati personali pu\u00f2 scrivere all\u2019indirizzo e-mail info@stadata.com o all\u2019indirizzo della sua sede legale sita in Via Saluzzo 71, 10126, Torino (To), Italia.<\/p>\n","protected":false},"excerpt":{"rendered":"<p>Privacy Policy Informativa Privacyart. 13 del Regolamento UE 679\/2016 Aggiornamento Febbraio 2024 Premessa Ai sensi del Regolamento Europeo n. 679\/2016 (di seguito \u201cRegolamento\u201d) e della normativa nazionale in materia di protezione dei dati personali (di seguito complessivamente \u201cNormativa Privacy\u201d), la Societ\u00e0 S.T.A.Data Srl. La invita a leggere con attenzione la presente Informativa Privacy che contiene [&hellip;]<\/p>\n","protected":false},"author":1,"featured_media":0,"parent":0,"menu_order":0,"comment_status":"closed","ping_status":"closed","template":"","meta":{"footnotes":""},"categories":[],"class_list":["post-1783","page","type-page","status-publish","hentry"],"yoast_head":"<!-- This site is optimized with the Yoast SEO plugin v25.8 - https:\/\/yoast.com\/wordpress\/plugins\/seo\/ -->\n<title>Privacy Policy &#8212; B-Labb Consulting<\/title>\n<meta name=\"description\" content=\"Transform your brand with B_Labb: we drive strategic excellence to exceed expectations and embrace the thrill of retail challenges.\" \/>\n<meta name=\"robots\" content=\"index, follow, max-snippet:-1, max-image-preview:large, max-video-preview:-1\" \/>\n<link rel=\"canonical\" href=\"https:\/\/b-labbconsulting.com\/it\/privacy-policy\/\" \/>\n<meta property=\"og:locale\" content=\"it_IT\" \/>\n<meta property=\"og:type\" content=\"article\" \/>\n<meta property=\"og:title\" content=\"Privacy Policy &#8212; B-Labb Consulting\" \/>\n<meta property=\"og:description\" content=\"Transform your brand with B_Labb: we drive strategic excellence to exceed expectations and embrace the thrill of retail challenges.\" \/>\n<meta property=\"og:url\" content=\"https:\/\/b-labbconsulting.com\/it\/privacy-policy\/\" \/>\n<meta property=\"og:site_name\" content=\"B-Labb Consulting\" \/>\n<meta property=\"article:modified_time\" content=\"2024-03-25T14:42:30+00:00\" \/>\n<meta property=\"og:image\" content=\"https:\/\/b-labbconsulting.com\/wp-content\/uploads\/2024\/03\/blabb-sh.jpg\" \/>\n\t<meta property=\"og:image:width\" content=\"1200\" \/>\n\t<meta property=\"og:image:height\" content=\"675\" \/>\n\t<meta property=\"og:image:type\" content=\"image\/jpeg\" \/>\n<meta name=\"twitter:card\" content=\"summary_large_image\" \/>\n<script type=\"application\/ld+json\" class=\"yoast-schema-graph\">{\"@context\":\"https:\/\/schema.org\",\"@graph\":[{\"@type\":\"WebPage\",\"@id\":\"https:\/\/b-labbconsulting.com\/it\/privacy-policy\/\",\"url\":\"https:\/\/b-labbconsulting.com\/it\/privacy-policy\/\",\"name\":\"Privacy Policy &#8212; B-Labb Consulting\",\"isPartOf\":{\"@id\":\"https:\/\/b-labbconsulting.com\/#website\"},\"datePublished\":\"2024-02-08T11:21:04+00:00\",\"dateModified\":\"2024-03-25T14:42:30+00:00\",\"description\":\"Transform your brand with B_Labb: we drive strategic excellence to exceed expectations and embrace the thrill of retail challenges.\",\"breadcrumb\":{\"@id\":\"https:\/\/b-labbconsulting.com\/it\/privacy-policy\/#breadcrumb\"},\"inLanguage\":\"it-IT\",\"potentialAction\":[{\"@type\":\"ReadAction\",\"target\":[\"https:\/\/b-labbconsulting.com\/it\/privacy-policy\/\"]}]},{\"@type\":\"BreadcrumbList\",\"@id\":\"https:\/\/b-labbconsulting.com\/it\/privacy-policy\/#breadcrumb\",\"itemListElement\":[{\"@type\":\"ListItem\",\"position\":1,\"name\":\"Home\",\"item\":\"https:\/\/b-labbconsulting.com\/it\/home\/\"},{\"@type\":\"ListItem\",\"position\":2,\"name\":\"Privacy Policy\"}]},{\"@type\":\"WebSite\",\"@id\":\"https:\/\/b-labbconsulting.com\/#website\",\"url\":\"https:\/\/b-labbconsulting.com\/\",\"name\":\"B_Labb Consulting\",\"description\":\"Your retail evolution partner.\",\"publisher\":{\"@id\":\"https:\/\/b-labbconsulting.com\/#organization\"},\"alternateName\":\"B_Labb Consulting\",\"potentialAction\":[{\"@type\":\"SearchAction\",\"target\":{\"@type\":\"EntryPoint\",\"urlTemplate\":\"https:\/\/b-labbconsulting.com\/?s={search_term_string}\"},\"query-input\":{\"@type\":\"PropertyValueSpecification\",\"valueRequired\":true,\"valueName\":\"search_term_string\"}}],\"inLanguage\":\"it-IT\"},{\"@type\":\"Organization\",\"@id\":\"https:\/\/b-labbconsulting.com\/#organization\",\"name\":\"B_Labb Consulting\",\"alternateName\":\"B_Labb Consulting\",\"url\":\"https:\/\/b-labbconsulting.com\/\",\"logo\":{\"@type\":\"ImageObject\",\"inLanguage\":\"it-IT\",\"@id\":\"https:\/\/b-labbconsulting.com\/#\/schema\/logo\/image\/\",\"url\":\"https:\/\/b-labbconsulting.com\/wp-content\/uploads\/2024\/03\/blabb-sh.jpg\",\"contentUrl\":\"https:\/\/b-labbconsulting.com\/wp-content\/uploads\/2024\/03\/blabb-sh.jpg\",\"width\":1200,\"height\":675,\"caption\":\"B_Labb Consulting\"},\"image\":{\"@id\":\"https:\/\/b-labbconsulting.com\/#\/schema\/logo\/image\/\"},\"sameAs\":[\"https:\/\/www.linkedin.com\/company\/b-labb-retail-consulting\/\"]}]}<\/script>\n<!-- \/ Yoast SEO plugin. -->","yoast_head_json":{"title":"Privacy Policy &#8212; B-Labb Consulting","description":"Transform your brand with B_Labb: we drive strategic excellence to exceed expectations and embrace the thrill of retail challenges.","robots":{"index":"index","follow":"follow","max-snippet":"max-snippet:-1","max-image-preview":"max-image-preview:large","max-video-preview":"max-video-preview:-1"},"canonical":"https:\/\/b-labbconsulting.com\/it\/privacy-policy\/","og_locale":"it_IT","og_type":"article","og_title":"Privacy Policy &#8212; B-Labb Consulting","og_description":"Transform your brand with B_Labb: we drive strategic excellence to exceed expectations and embrace the thrill of retail challenges.","og_url":"https:\/\/b-labbconsulting.com\/it\/privacy-policy\/","og_site_name":"B-Labb Consulting","article_modified_time":"2024-03-25T14:42:30+00:00","og_image":[{"width":1200,"height":675,"url":"https:\/\/b-labbconsulting.com\/wp-content\/uploads\/2024\/03\/blabb-sh.jpg","type":"image\/jpeg"}],"twitter_card":"summary_large_image","schema":{"@context":"https:\/\/schema.org","@graph":[{"@type":"WebPage","@id":"https:\/\/b-labbconsulting.com\/it\/privacy-policy\/","url":"https:\/\/b-labbconsulting.com\/it\/privacy-policy\/","name":"Privacy Policy &#8212; B-Labb Consulting","isPartOf":{"@id":"https:\/\/b-labbconsulting.com\/#website"},"datePublished":"2024-02-08T11:21:04+00:00","dateModified":"2024-03-25T14:42:30+00:00","description":"Transform your brand with B_Labb: we drive strategic excellence to exceed expectations and embrace the thrill of retail challenges.","breadcrumb":{"@id":"https:\/\/b-labbconsulting.com\/it\/privacy-policy\/#breadcrumb"},"inLanguage":"it-IT","potentialAction":[{"@type":"ReadAction","target":["https:\/\/b-labbconsulting.com\/it\/privacy-policy\/"]}]},{"@type":"BreadcrumbList","@id":"https:\/\/b-labbconsulting.com\/it\/privacy-policy\/#breadcrumb","itemListElement":[{"@type":"ListItem","position":1,"name":"Home","item":"https:\/\/b-labbconsulting.com\/it\/home\/"},{"@type":"ListItem","position":2,"name":"Privacy Policy"}]},{"@type":"WebSite","@id":"https:\/\/b-labbconsulting.com\/#website","url":"https:\/\/b-labbconsulting.com\/","name":"B_Labb Consulting","description":"Your retail evolution partner.","publisher":{"@id":"https:\/\/b-labbconsulting.com\/#organization"},"alternateName":"B_Labb Consulting","potentialAction":[{"@type":"SearchAction","target":{"@type":"EntryPoint","urlTemplate":"https:\/\/b-labbconsulting.com\/?s={search_term_string}"},"query-input":{"@type":"PropertyValueSpecification","valueRequired":true,"valueName":"search_term_string"}}],"inLanguage":"it-IT"},{"@type":"Organization","@id":"https:\/\/b-labbconsulting.com\/#organization","name":"B_Labb Consulting","alternateName":"B_Labb Consulting","url":"https:\/\/b-labbconsulting.com\/","logo":{"@type":"ImageObject","inLanguage":"it-IT","@id":"https:\/\/b-labbconsulting.com\/#\/schema\/logo\/image\/","url":"https:\/\/b-labbconsulting.com\/wp-content\/uploads\/2024\/03\/blabb-sh.jpg","contentUrl":"https:\/\/b-labbconsulting.com\/wp-content\/uploads\/2024\/03\/blabb-sh.jpg","width":1200,"height":675,"caption":"B_Labb Consulting"},"image":{"@id":"https:\/\/b-labbconsulting.com\/#\/schema\/logo\/image\/"},"sameAs":["https:\/\/www.linkedin.com\/company\/b-labb-retail-consulting\/"]}]}},"_links":{"self":[{"href":"https:\/\/b-labbconsulting.com\/it\/wp-json\/wp\/v2\/pages\/1783","targetHints":{"allow":["GET"]}}],"collection":[{"href":"https:\/\/b-labbconsulting.com\/it\/wp-json\/wp\/v2\/pages"}],"about":[{"href":"https:\/\/b-labbconsulting.com\/it\/wp-json\/wp\/v2\/types\/page"}],"author":[{"embeddable":true,"href":"https:\/\/b-labbconsulting.com\/it\/wp-json\/wp\/v2\/users\/1"}],"replies":[{"embeddable":true,"href":"https:\/\/b-labbconsulting.com\/it\/wp-json\/wp\/v2\/comments?post=1783"}],"version-history":[{"count":2,"href":"https:\/\/b-labbconsulting.com\/it\/wp-json\/wp\/v2\/pages\/1783\/revisions"}],"predecessor-version":[{"id":1787,"href":"https:\/\/b-labbconsulting.com\/it\/wp-json\/wp\/v2\/pages\/1783\/revisions\/1787"}],"wp:attachment":[{"href":"https:\/\/b-labbconsulting.com\/it\/wp-json\/wp\/v2\/media?parent=1783"}],"wp:term":[{"taxonomy":"category","embeddable":true,"href":"https:\/\/b-labbconsulting.com\/it\/wp-json\/wp\/v2\/categories?post=1783"}],"curies":[{"name":"wp","href":"https:\/\/api.w.org\/{rel}","templated":true}]}}